{"id":21,"date":"2026-02-13T11:18:10","date_gmt":"2026-02-13T10:18:10","guid":{"rendered":"https:\/\/www.nextlevelleadership.hu\/?page_id=21"},"modified":"2026-03-12T19:19:33","modified_gmt":"2026-03-12T18:19:33","slug":"blog","status":"publish","type":"page","link":"https:\/\/www.nextlevelleadership.hu\/en\/blog\/","title":{"rendered":"Blog"},"content":{"rendered":"<div data-elementor-type=\"wp-page\" data-elementor-id=\"21\" class=\"elementor elementor-21\" data-elementor-post-type=\"page\">\n\t\t\t\t<div class=\"elementor-element elementor-element-04af068 e-flex e-con-boxed e-con e-parent\" data-id=\"04af068\" data-element_type=\"container\" data-e-type=\"container\">\n\t\t\t\t\t<div class=\"e-con-inner\">\n\t\t\t\t<div class=\"elementor-element elementor-element-b81a36e elementor-widget__width-initial elementor-widget elementor-widget-heading\" data-id=\"b81a36e\" data-element_type=\"widget\" data-e-type=\"widget\" data-widget_type=\"heading.default\">\n\t\t\t\t\t<h1 class=\"elementor-heading-title elementor-size-default\">Leadership reflections on decision-making, leadership practice and responsibility<\/h1>\t\t\t\t<\/div>\n\t\t\t\t<div class=\"elementor-element elementor-element-499a7be elementor-widget__width-initial elementor-widget elementor-widget-heading\" data-id=\"499a7be\" data-element_type=\"widget\" data-e-type=\"widget\" data-widget_type=\"heading.default\">\n\t\t\t\t\t<span class=\"elementor-heading-title elementor-size-default\">Short articles for leaders who do not merely react, but set direction<\/span>\t\t\t\t<\/div>\n\t\t\t\t\t<\/div>\n\t\t\t\t<\/div>\n\t\t<div class=\"elementor-element elementor-element-80485a1 e-flex e-con-boxed e-con e-parent\" data-id=\"80485a1\" data-element_type=\"container\" data-e-type=\"container\">\n\t\t\t\t\t<div class=\"e-con-inner\">\n\t\t<div class=\"elementor-element elementor-element-e3072f2 e-con-full e-flex e-con e-child\" data-id=\"e3072f2\" data-element_type=\"container\" data-e-type=\"container\">\n\t\t\t\t<div class=\"elementor-element elementor-element-b36869a elementor-grid-3 elementor-grid-tablet-2 elementor-grid-mobile-1 elementor-posts--thumbnail-top elementor-widget elementor-widget-posts\" data-id=\"b36869a\" data-element_type=\"widget\" data-e-type=\"widget\" data-settings=\"{&quot;classic_row_gap&quot;:{&quot;unit&quot;:&quot;rem&quot;,&quot;size&quot;:1.5,&quot;sizes&quot;:[]},&quot;pagination_type&quot;:&quot;numbers_and_prev_next&quot;,&quot;classic_row_gap_tablet&quot;:{&quot;unit&quot;:&quot;rem&quot;,&quot;size&quot;:2,&quot;sizes&quot;:[]},&quot;classic_row_gap_mobile&quot;:{&quot;unit&quot;:&quot;rem&quot;,&quot;size&quot;:2,&quot;sizes&quot;:[]},&quot;classic_masonry&quot;:&quot;yes&quot;,&quot;classic_columns&quot;:&quot;3&quot;,&quot;classic_columns_tablet&quot;:&quot;2&quot;,&quot;classic_columns_mobile&quot;:&quot;1&quot;}\" data-widget_type=\"posts.classic\">\n\t\t\t\t<div class=\"elementor-widget-container\">\n\t\t\t\t\t\t\t<div class=\"elementor-posts-container elementor-posts elementor-posts--skin-classic elementor-grid\" role=\"list\">\n\t\t\t\t<article class=\"elementor-post elementor-grid-item post-542 post type-post status-publish format-standard has-post-thumbnail hentry category-vezetoi-dontesek\" role=\"listitem\">\n\t\t\t\t<a class=\"elementor-post__thumbnail__link\" href=\"https:\/\/www.nextlevelleadership.hu\/en\/optimalis-valasztas-miert-nem-a-tokeletes-dontes-tesz-boldogga\/\" tabindex=\"-1\" >\n\t\t\t<div class=\"elementor-post__thumbnail\"><img fetchpriority=\"high\" decoding=\"async\" width=\"1000\" height=\"667\" src=\"https:\/\/www.nextlevelleadership.hu\/wp-content\/uploads\/next-level-leadership-dontes-boldogsag.jpg\" class=\"attachment-full size-full wp-image-51\" alt=\"Next Level Leadership - Why it is not the perfect decision that makes you happy\" srcset=\"https:\/\/www.nextlevelleadership.hu\/wp-content\/uploads\/next-level-leadership-dontes-boldogsag.jpg 1000w, https:\/\/www.nextlevelleadership.hu\/wp-content\/uploads\/next-level-leadership-dontes-boldogsag-700x467.jpg 700w, https:\/\/www.nextlevelleadership.hu\/wp-content\/uploads\/next-level-leadership-dontes-boldogsag-768x512.jpg 768w\" sizes=\"(max-width: 1000px) 100vw, 1000px\" \/><\/div>\n\t\t<\/a>\n\t\t\t\t<div class=\"elementor-post__text\">\n\t\t\t\t<h3 class=\"elementor-post__title\">\n\t\t\t<a href=\"https:\/\/www.nextlevelleadership.hu\/en\/optimalis-valasztas-miert-nem-a-tokeletes-dontes-tesz-boldogga\/\" >\n\t\t\t\tThe optimal choice \u2013 Why it is not the perfect decision that makes you happy\t\t\t<\/a>\n\t\t<\/h3>\n\t\t\t\t<div class=\"elementor-post__excerpt\">\n\t\t\t<p class=\"translation-block\">I first heard about Barry Schwartz and his TED talk, <a href=\"https:\/\/www.youtube.com\/watch?v=VO6XEQIsCoM\" id=\"https:\/\/www.youtube.com\/watch?v=VO6XEQIsCoM\" target=\"_self\">The Paradox of Choice<\/a>, from an acquaintance. I watched it that very evening, and as both a leader and a coach, I was surprised to recognize so many aspects of my experience.<\/p>\n\t\t<\/div>\n\t\t\n\t\t<a class=\"elementor-post__read-more\" href=\"https:\/\/www.nextlevelleadership.hu\/en\/optimalis-valasztas-miert-nem-a-tokeletes-dontes-tesz-boldogga\/\" aria-label=\"Read more about Optim\u00e1lis v\u00e1laszt\u00e1s \u2013 Mi\u00e9rt nem a t\u00f6k\u00e9letes d\u00f6nt\u00e9s tesz boldogg\u00e1?\" tabindex=\"-1\" >\n\t\t\tRead more \u2192\t\t<\/a>\n\n\t\t\t\t<\/div>\n\t\t\t\t<\/article>\n\t\t\t\t<article class=\"elementor-post elementor-grid-item post-170 post type-post status-publish format-standard has-post-thumbnail hentry category-vezetoi-keszsegek\" role=\"listitem\">\n\t\t\t\t<a class=\"elementor-post__thumbnail__link\" href=\"https:\/\/www.nextlevelleadership.hu\/en\/jovoallo-keszsegek-megterulo-befektetes-vezetoknek-szervezeteknek\/\" tabindex=\"-1\" >\n\t\t\t<div class=\"elementor-post__thumbnail\"><img decoding=\"async\" width=\"1000\" height=\"667\" src=\"https:\/\/www.nextlevelleadership.hu\/wp-content\/uploads\/next-level-leadership-vezetoi-keszsegek.jpg\" class=\"attachment-full size-full wp-image-43\" alt=\"Next Level Leadership \u2013 Future-ready skills \u2013 A worthwhile investment for leaders and organisations\" srcset=\"https:\/\/www.nextlevelleadership.hu\/wp-content\/uploads\/next-level-leadership-vezetoi-keszsegek.jpg 1000w, https:\/\/www.nextlevelleadership.hu\/wp-content\/uploads\/next-level-leadership-vezetoi-keszsegek-700x467.jpg 700w, https:\/\/www.nextlevelleadership.hu\/wp-content\/uploads\/next-level-leadership-vezetoi-keszsegek-768x512.jpg 768w\" sizes=\"(max-width: 1000px) 100vw, 1000px\" \/><\/div>\n\t\t<\/a>\n\t\t\t\t<div class=\"elementor-post__text\">\n\t\t\t\t<h3 class=\"elementor-post__title\">\n\t\t\t<a href=\"https:\/\/www.nextlevelleadership.hu\/en\/jovoallo-keszsegek-megterulo-befektetes-vezetoknek-szervezeteknek\/\" >\n\t\t\t\tFuture-ready skills \u2013 An investment for leaders and organisations\t\t\t<\/a>\n\t\t<\/h3>\n\t\t\t\t<div class=\"elementor-post__excerpt\">\n\t\t\t<p>Many of us wonder what skills we will truly need to thrive as leaders, professionals and individuals in today\u2019s fragile, non-linear and fast-changing, ever-evolving world \u2013 especially in the midst of the current technological explosion.<\/p>\n\t\t<\/div>\n\t\t\n\t\t<a class=\"elementor-post__read-more\" href=\"https:\/\/www.nextlevelleadership.hu\/en\/jovoallo-keszsegek-megterulo-befektetes-vezetoknek-szervezeteknek\/\" aria-label=\"Read more about J\u00f6v\u0151\u00e1ll\u00f3 k\u00e9szs\u00e9gek \u2013 Megt\u00e9r\u00fcl\u0151 befektet\u00e9s vezet\u0151knek, szervezeteknek\" tabindex=\"-1\" >\n\t\t\tRead more \u2192\t\t<\/a>\n\n\t\t\t\t<\/div>\n\t\t\t\t<\/article>\n\t\t\t\t<\/div>\n\t\t\n\t\t\t\t\t\t<\/div>\n\t\t\t\t<\/div>\n\t\t\t\t<\/div>\n\t\t\t\t\t<\/div>\n\t\t\t\t<\/div>\n\t\t\t\t<\/div>","protected":false},"excerpt":{"rendered":"<p>Vezet\u0151i reflexi\u00f3k d\u00f6nt\u00e9si helyzetekr\u0151l, m\u0171k\u00f6d\u00e9sr\u0151l \u00e9s felel\u0151ss\u00e9gr\u0151l R\u00f6vid \u00edr\u00e1sok vezet\u0151knek, akik nem csak reag\u00e1lnak, hanem ir\u00e1nyt mutatnak<\/p>","protected":false},"author":1,"featured_media":43,"parent":0,"menu_order":0,"comment_status":"closed","ping_status":"closed","template":"","meta":{"footnotes":""},"class_list":["post-21","page","type-page","status-publish","has-post-thumbnail","hentry"],"yoast_head":"<!-- This site is optimized with the Yoast SEO plugin v27.4 - https:\/\/yoast.com\/product\/yoast-seo-wordpress\/ -->\n<title>Blog<\/title>\n<meta name=\"description\" content=\"Dilemm\u00e1k \u00e9s d\u00f6nt\u00e9si helyzetek struktur\u00e1lt megk\u00f6zel\u00edt\u00e9sben vezet\u0151knek, akik tudatosan szeretn\u00e9nek szintet l\u00e9pni.\" \/>\n<meta name=\"robots\" content=\"index, follow, max-snippet:-1, max-image-preview:large, max-video-preview:-1\" \/>\n<link rel=\"canonical\" href=\"https:\/\/www.nextlevelleadership.hu\/en\/blog\/\" \/>\n<meta property=\"og:locale\" content=\"en_GB\" \/>\n<meta property=\"og:type\" content=\"article\" \/>\n<meta property=\"og:title\" content=\"Blog\" \/>\n<meta property=\"og:description\" content=\"Dilemm\u00e1k \u00e9s d\u00f6nt\u00e9si helyzetek struktur\u00e1lt megk\u00f6zel\u00edt\u00e9sben vezet\u0151knek, akik tudatosan szeretn\u00e9nek szintet l\u00e9pni.\" \/>\n<meta property=\"og:url\" content=\"https:\/\/www.nextlevelleadership.hu\/en\/blog\/\" \/>\n<meta property=\"og:site_name\" content=\"Next Level Leadership\" \/>\n<meta property=\"article:modified_time\" content=\"2026-03-12T18:19:33+00:00\" \/>\n<meta property=\"og:image\" content=\"https:\/\/www.nextlevelleadership.hu\/wp-content\/uploads\/next-level-leadership-vezetoi-keszsegek.jpg\" \/>\n\t<meta property=\"og:image:width\" content=\"1000\" \/>\n\t<meta property=\"og:image:height\" content=\"667\" \/>\n\t<meta property=\"og:image:type\" content=\"image\/jpeg\" \/>\n<meta name=\"twitter:card\" content=\"summary_large_image\" \/>\n<script type=\"application\/ld+json\" class=\"yoast-schema-graph\">{\"@context\":\"https:\\\/\\\/schema.org\",\"@graph\":[{\"@type\":\"WebPage\",\"@id\":\"https:\\\/\\\/www.nextlevelleadership.hu\\\/blog\\\/\",\"url\":\"https:\\\/\\\/www.nextlevelleadership.hu\\\/blog\\\/\",\"name\":\"Blog\",\"isPartOf\":{\"@id\":\"https:\\\/\\\/www.nextlevelleadership.hu\\\/#website\"},\"primaryImageOfPage\":{\"@id\":\"https:\\\/\\\/www.nextlevelleadership.hu\\\/blog\\\/#primaryimage\"},\"image\":{\"@id\":\"https:\\\/\\\/www.nextlevelleadership.hu\\\/blog\\\/#primaryimage\"},\"thumbnailUrl\":\"https:\\\/\\\/www.nextlevelleadership.hu\\\/wp-content\\\/uploads\\\/next-level-leadership-vezetoi-keszsegek.jpg\",\"datePublished\":\"2026-02-13T10:18:10+00:00\",\"dateModified\":\"2026-03-12T18:19:33+00:00\",\"description\":\"Dilemm\u00e1k \u00e9s d\u00f6nt\u00e9si helyzetek struktur\u00e1lt megk\u00f6zel\u00edt\u00e9sben vezet\u0151knek, akik tudatosan szeretn\u00e9nek szintet l\u00e9pni.\",\"breadcrumb\":{\"@id\":\"https:\\\/\\\/www.nextlevelleadership.hu\\\/blog\\\/#breadcrumb\"},\"inLanguage\":\"en-GB\",\"potentialAction\":[{\"@type\":\"ReadAction\",\"target\":[\"https:\\\/\\\/www.nextlevelleadership.hu\\\/blog\\\/\"]}]},{\"@type\":\"ImageObject\",\"inLanguage\":\"en-GB\",\"@id\":\"https:\\\/\\\/www.nextlevelleadership.hu\\\/blog\\\/#primaryimage\",\"url\":\"https:\\\/\\\/www.nextlevelleadership.hu\\\/wp-content\\\/uploads\\\/next-level-leadership-vezetoi-keszsegek.jpg\",\"contentUrl\":\"https:\\\/\\\/www.nextlevelleadership.hu\\\/wp-content\\\/uploads\\\/next-level-leadership-vezetoi-keszsegek.jpg\",\"width\":1000,\"height\":667,\"caption\":\"Next Level Leadership - J\u00f6v\u0151\u00e1ll\u00f3 k\u00e9szs\u00e9gek \u2013 Megt\u00e9r\u00fcl\u0151 befektet\u00e9s vezet\u0151knek \u00e9s szervezeteknek\"},{\"@type\":\"BreadcrumbList\",\"@id\":\"https:\\\/\\\/www.nextlevelleadership.hu\\\/blog\\\/#breadcrumb\",\"itemListElement\":[{\"@type\":\"ListItem\",\"position\":1,\"name\":\"Kezd\u0151lap\",\"item\":\"https:\\\/\\\/www.nextlevelleadership.hu\\\/\"},{\"@type\":\"ListItem\",\"position\":2,\"name\":\"Blog\"}]},{\"@type\":\"WebSite\",\"@id\":\"https:\\\/\\\/www.nextlevelleadership.hu\\\/#website\",\"url\":\"https:\\\/\\\/www.nextlevelleadership.hu\\\/\",\"name\":\"Next Level Leadership\",\"description\":\"Vezet\u0151i \u00e9s executive coaching \u00e9s szervezetfejleszt\u00e9s Budapesten \u00e9s online\",\"publisher\":{\"@id\":\"https:\\\/\\\/www.nextlevelleadership.hu\\\/#\\\/schema\\\/person\\\/775e1670253a9c6722cdb9fd1af56aa6\"},\"potentialAction\":[{\"@type\":\"SearchAction\",\"target\":{\"@type\":\"EntryPoint\",\"urlTemplate\":\"https:\\\/\\\/www.nextlevelleadership.hu\\\/?s={search_term_string}\"},\"query-input\":{\"@type\":\"PropertyValueSpecification\",\"valueRequired\":true,\"valueName\":\"search_term_string\"}}],\"inLanguage\":\"en-GB\"},{\"@type\":[\"Person\",\"Organization\"],\"@id\":\"https:\\\/\\\/www.nextlevelleadership.hu\\\/#\\\/schema\\\/person\\\/775e1670253a9c6722cdb9fd1af56aa6\",\"name\":\"Next Level Leadership\",\"image\":{\"@type\":\"ImageObject\",\"inLanguage\":\"en-GB\",\"@id\":\"https:\\\/\\\/www.nextlevelleadership.hu\\\/wp-content\\\/uploads\\\/next-level-leadership-logo.png\",\"url\":\"https:\\\/\\\/www.nextlevelleadership.hu\\\/wp-content\\\/uploads\\\/next-level-leadership-logo.png\",\"contentUrl\":\"https:\\\/\\\/www.nextlevelleadership.hu\\\/wp-content\\\/uploads\\\/next-level-leadership-logo.png\",\"width\":542,\"height\":101,\"caption\":\"Next Level Leadership\"},\"logo\":{\"@id\":\"https:\\\/\\\/www.nextlevelleadership.hu\\\/wp-content\\\/uploads\\\/next-level-leadership-logo.png\"},\"sameAs\":[\"https:\\\/\\\/www.nextlevelleadership.hu\"]}]}<\/script>\n<!-- \/ Yoast SEO plugin. -->","yoast_head_json":{"title":"Blog","description":"Dilemmas and decision-making situations presented in a structured way for leaders who want to consciously level up.","robots":{"index":"index","follow":"follow","max-snippet":"max-snippet:-1","max-image-preview":"max-image-preview:large","max-video-preview":"max-video-preview:-1"},"canonical":"https:\/\/www.nextlevelleadership.hu\/en\/blog\/","og_locale":"en_GB","og_type":"article","og_title":"Blog","og_description":"Dilemm\u00e1k \u00e9s d\u00f6nt\u00e9si helyzetek struktur\u00e1lt megk\u00f6zel\u00edt\u00e9sben vezet\u0151knek, akik tudatosan szeretn\u00e9nek szintet l\u00e9pni.","og_url":"https:\/\/www.nextlevelleadership.hu\/en\/blog\/","og_site_name":"Next Level Leadership","article_modified_time":"2026-03-12T18:19:33+00:00","og_image":[{"width":1000,"height":667,"url":"https:\/\/www.nextlevelleadership.hu\/wp-content\/uploads\/next-level-leadership-vezetoi-keszsegek.jpg","type":"image\/jpeg"}],"twitter_card":"summary_large_image","schema":{"@context":"https:\/\/schema.org","@graph":[{"@type":"WebPage","@id":"https:\/\/www.nextlevelleadership.hu\/blog\/","url":"https:\/\/www.nextlevelleadership.hu\/blog\/","name":"Blog","isPartOf":{"@id":"https:\/\/www.nextlevelleadership.hu\/#website"},"primaryImageOfPage":{"@id":"https:\/\/www.nextlevelleadership.hu\/blog\/#primaryimage"},"image":{"@id":"https:\/\/www.nextlevelleadership.hu\/blog\/#primaryimage"},"thumbnailUrl":"https:\/\/www.nextlevelleadership.hu\/wp-content\/uploads\/next-level-leadership-vezetoi-keszsegek.jpg","datePublished":"2026-02-13T10:18:10+00:00","dateModified":"2026-03-12T18:19:33+00:00","description":"Dilemmas and decision-making situations presented in a structured way for leaders who want to consciously level up.","breadcrumb":{"@id":"https:\/\/www.nextlevelleadership.hu\/blog\/#breadcrumb"},"inLanguage":"en-GB","potentialAction":[{"@type":"ReadAction","target":["https:\/\/www.nextlevelleadership.hu\/blog\/"]}]},{"@type":"ImageObject","inLanguage":"en-GB","@id":"https:\/\/www.nextlevelleadership.hu\/blog\/#primaryimage","url":"https:\/\/www.nextlevelleadership.hu\/wp-content\/uploads\/next-level-leadership-vezetoi-keszsegek.jpg","contentUrl":"https:\/\/www.nextlevelleadership.hu\/wp-content\/uploads\/next-level-leadership-vezetoi-keszsegek.jpg","width":1000,"height":667,"caption":"Next Level Leadership - J\u00f6v\u0151\u00e1ll\u00f3 k\u00e9szs\u00e9gek \u2013 Megt\u00e9r\u00fcl\u0151 befektet\u00e9s vezet\u0151knek \u00e9s szervezeteknek"},{"@type":"BreadcrumbList","@id":"https:\/\/www.nextlevelleadership.hu\/blog\/#breadcrumb","itemListElement":[{"@type":"ListItem","position":1,"name":"Kezd\u0151lap","item":"https:\/\/www.nextlevelleadership.hu\/"},{"@type":"ListItem","position":2,"name":"Blog"}]},{"@type":"WebSite","@id":"https:\/\/www.nextlevelleadership.hu\/#website","url":"https:\/\/www.nextlevelleadership.hu\/","name":"Next Level Leadership","description":"Leadership and executive coaching and organisational development in Budapest and online","publisher":{"@id":"https:\/\/www.nextlevelleadership.hu\/#\/schema\/person\/775e1670253a9c6722cdb9fd1af56aa6"},"potentialAction":[{"@type":"SearchAction","target":{"@type":"EntryPoint","urlTemplate":"https:\/\/www.nextlevelleadership.hu\/?s={search_term_string}"},"query-input":{"@type":"PropertyValueSpecification","valueRequired":true,"valueName":"search_term_string"}}],"inLanguage":"en-GB"},{"@type":["Person","Organization"],"@id":"https:\/\/www.nextlevelleadership.hu\/#\/schema\/person\/775e1670253a9c6722cdb9fd1af56aa6","name":"Next Level Leadership","image":{"@type":"ImageObject","inLanguage":"en-GB","@id":"https:\/\/www.nextlevelleadership.hu\/wp-content\/uploads\/next-level-leadership-logo.png","url":"https:\/\/www.nextlevelleadership.hu\/wp-content\/uploads\/next-level-leadership-logo.png","contentUrl":"https:\/\/www.nextlevelleadership.hu\/wp-content\/uploads\/next-level-leadership-logo.png","width":542,"height":101,"caption":"Next Level Leadership"},"logo":{"@id":"https:\/\/www.nextlevelleadership.hu\/wp-content\/uploads\/next-level-leadership-logo.png"},"sameAs":["https:\/\/www.nextlevelleadership.hu"]}]}},"_links":{"self":[{"href":"https:\/\/www.nextlevelleadership.hu\/en\/wp-json\/wp\/v2\/pages\/21","targetHints":{"allow":["GET"]}}],"collection":[{"href":"https:\/\/www.nextlevelleadership.hu\/en\/wp-json\/wp\/v2\/pages"}],"about":[{"href":"https:\/\/www.nextlevelleadership.hu\/en\/wp-json\/wp\/v2\/types\/page"}],"author":[{"embeddable":true,"href":"https:\/\/www.nextlevelleadership.hu\/en\/wp-json\/wp\/v2\/users\/1"}],"replies":[{"embeddable":true,"href":"https:\/\/www.nextlevelleadership.hu\/en\/wp-json\/wp\/v2\/comments?post=21"}],"version-history":[{"count":76,"href":"https:\/\/www.nextlevelleadership.hu\/en\/wp-json\/wp\/v2\/pages\/21\/revisions"}],"predecessor-version":[{"id":1077,"href":"https:\/\/www.nextlevelleadership.hu\/en\/wp-json\/wp\/v2\/pages\/21\/revisions\/1077"}],"wp:featuredmedia":[{"embeddable":true,"href":"https:\/\/www.nextlevelleadership.hu\/en\/wp-json\/wp\/v2\/media\/43"}],"wp:attachment":[{"href":"https:\/\/www.nextlevelleadership.hu\/en\/wp-json\/wp\/v2\/media?parent=21"}],"curies":[{"name":"wp","href":"https:\/\/api.w.org\/{rel}","templated":true}]}}