{"id":24,"date":"2026-02-13T11:18:51","date_gmt":"2026-02-13T10:18:51","guid":{"rendered":"https:\/\/www.nextlevelleadership.hu\/?page_id=24"},"modified":"2026-04-12T12:54:21","modified_gmt":"2026-04-12T10:54:21","slug":"contact","status":"publish","type":"page","link":"https:\/\/www.nextlevelleadership.hu\/en\/kapcsolat\/","title":{"rendered":"Contact"},"content":{"rendered":"\t\t<div data-elementor-type=\"wp-page\" data-elementor-id=\"24\" class=\"elementor elementor-24\" data-elementor-post-type=\"page\">\n\t\t\t\t<div class=\"elementor-element elementor-element-b175ce5 e-flex e-con-boxed e-con e-parent\" data-id=\"b175ce5\" data-element_type=\"container\" data-e-type=\"container\">\n\t\t\t\t\t<div class=\"e-con-inner\">\n\t\t\t\t<div class=\"elementor-element elementor-element-71c1c39 elementor-widget__width-initial elementor-widget elementor-widget-heading\" data-id=\"71c1c39\" data-element_type=\"widget\" data-e-type=\"widget\" data-widget_type=\"heading.default\">\n\t\t\t\t\t<h1 class=\"elementor-heading-title elementor-size-default\">Kapcsolat<\/h1>\t\t\t\t<\/div>\n\t\t\t\t<div class=\"elementor-element elementor-element-8ff4b56 elementor-widget__width-initial elementor-widget elementor-widget-text-editor\" data-id=\"8ff4b56\" data-element_type=\"widget\" data-e-type=\"widget\" data-widget_type=\"text-editor.default\">\n\t\t\t\t\t\t\t\t\t<p>Amennyiben szeretne k\u00f6z\u00f6sen \u00e1tgondolni egy aktu\u00e1lis vezet\u0151i vagy szervezeti helyzetet vagy k\u00e9rd\u00e9se mer\u00fclt fel, amelyre az oldalon nem kapott v\u00e1laszt, k\u00e9rem, t\u00f6ltse ki az al\u00e1bbi \u0171rlapot. A megkeres\u00e9sekre szem\u00e9lyesen v\u00e1laszolok 1\u20132 munkanapon bel\u00fcl.<\/p>\t\t\t\t\t\t\t\t<\/div>\n\t\t\t\t\t<\/div>\n\t\t\t\t<\/div>\n\t\t<div class=\"elementor-element elementor-element-f479b68 e-flex e-con-boxed e-con e-parent\" data-id=\"f479b68\" data-element_type=\"container\" data-e-type=\"container\" data-settings=\"{&quot;background_background&quot;:&quot;classic&quot;}\">\n\t\t\t\t\t<div class=\"e-con-inner\">\n\t\t<div class=\"elementor-element elementor-element-63b2470 e-con-full e-flex e-con e-child\" data-id=\"63b2470\" data-element_type=\"container\" data-e-type=\"container\" data-settings=\"{&quot;background_background&quot;:&quot;classic&quot;}\">\n\t\t\t\t<div class=\"elementor-element elementor-element-78378a8 elementor-widget-tablet__width-inherit elementor-button-align-stretch elementor-widget elementor-widget-form\" data-id=\"78378a8\" data-element_type=\"widget\" data-e-type=\"widget\" data-settings=\"{&quot;step_next_label&quot;:&quot;K\\u00f6vetkez\\u0151&quot;,&quot;step_previous_label&quot;:&quot;El\\u0151z\\u0151&quot;,&quot;step_type&quot;:&quot;number_text&quot;,&quot;step_icon_shape&quot;:&quot;circle&quot;}\" data-widget_type=\"form.default\">\n\t\t\t\t\t\t\t<form class=\"elementor-form\" method=\"post\" name=\"\u00daj \u0171rlap\" aria-label=\"\u00daj \u0171rlap\">\n\t\t\t<input type=\"hidden\" name=\"post_id\" value=\"24\"\/>\n\t\t\t<input type=\"hidden\" name=\"form_id\" value=\"78378a8\"\/>\n\t\t\t<input type=\"hidden\" name=\"referer_title\" value=\"Kapcsolat\" \/>\n\n\t\t\t\t\t\t\t<input type=\"hidden\" name=\"queried_id\" value=\"24\"\/>\n\t\t\t\n\t\t\t<div class=\"elementor-form-fields-wrapper elementor-labels-above\">\n\t\t\t\t\t\t\t\t<div class=\"elementor-field-type-text elementor-field-group elementor-column elementor-field-group-field_866aa75 elementor-col-100 elementor-field-required elementor-mark-required\">\n\t\t\t\t\t\t\t\t\t\t\t\t<label for=\"form-field-field_866aa75\" class=\"elementor-field-label\">\n\t\t\t\t\t\t\t\tTeljes n\u00e9v\t\t\t\t\t\t\t<\/label>\n\t\t\t\t\t\t\t\t\t\t\t\t\t\t<input size=\"1\" type=\"text\" name=\"form_fields[field_866aa75]\" id=\"form-field-field_866aa75\" class=\"elementor-field elementor-size-sm  elementor-field-textual\" placeholder=\"Teljes n\u00e9v\" required=\"required\">\n\t\t\t\t\t\t\t\t\t\t\t<\/div>\n\t\t\t\t\t\t\t\t<div class=\"elementor-field-type-email elementor-field-group elementor-column elementor-field-group-name elementor-col-100 elementor-field-required elementor-mark-required\">\n\t\t\t\t\t\t\t\t\t\t\t\t<label for=\"form-field-name\" class=\"elementor-field-label\">\n\t\t\t\t\t\t\t\tE-mail-c\u00edm\t\t\t\t\t\t\t<\/label>\n\t\t\t\t\t\t\t\t\t\t\t\t\t\t<input size=\"1\" type=\"email\" name=\"form_fields[name]\" id=\"form-field-name\" class=\"elementor-field elementor-size-sm  elementor-field-textual\" placeholder=\"E-mail-c\u00edm\" required=\"required\">\n\t\t\t\t\t\t\t\t\t\t\t<\/div>\n\t\t\t\t\t\t\t\t<div class=\"elementor-field-type-text elementor-field-group elementor-column elementor-field-group-field_6c756f6 elementor-col-100 elementor-field-required elementor-mark-required\">\n\t\t\t\t\t\t\t\t\t\t\t\t<label for=\"form-field-field_6c756f6\" class=\"elementor-field-label\">\n\t\t\t\t\t\t\t\tT\u00e1rgy\t\t\t\t\t\t\t<\/label>\n\t\t\t\t\t\t\t\t\t\t\t\t\t\t<input size=\"1\" type=\"text\" name=\"form_fields[field_6c756f6]\" id=\"form-field-field_6c756f6\" class=\"elementor-field elementor-size-sm  elementor-field-textual\" placeholder=\"pl. Id\u0151pont-egyeztet\u00e9s\" required=\"required\">\n\t\t\t\t\t\t\t\t\t\t\t<\/div>\n\t\t\t\t\t\t\t\t<div class=\"elementor-field-type-checkbox elementor-field-group elementor-column elementor-field-group-field_203645e elementor-col-100\">\n\t\t\t\t\t\t\t\t\t\t\t\t<label for=\"form-field-field_203645e\" class=\"elementor-field-label\">\n\t\t\t\t\t\t\t\tMelyik szolg\u00e1ltat\u00e1s ir\u00e1nt \u00e9rdekl\u0151dik?\t\t\t\t\t\t\t<\/label>\n\t\t\t\t\t\t<div class=\"elementor-field-subgroup  \"><span class=\"elementor-field-option\"><input type=\"checkbox\" value=\"Next Level Clarity \u2013 Vezet\u0151i \u00e9s executive coaching\" id=\"form-field-field_203645e-0\" name=\"form_fields[field_203645e][]\"> <label for=\"form-field-field_203645e-0\">Next Level Clarity \u2013 Vezet\u0151i \u00e9s executive coaching<\/label><\/span><span class=\"elementor-field-option\"><input type=\"checkbox\" value=\"Next Level Shift \u2013 Vezet\u0151fejleszt\u00e9s\" id=\"form-field-field_203645e-1\" name=\"form_fields[field_203645e][]\"> <label for=\"form-field-field_203645e-1\">Next Level Shift \u2013 Vezet\u0151fejleszt\u00e9s<\/label><\/span><span class=\"elementor-field-option\"><input type=\"checkbox\" value=\"Next Level Build \u2013 Szervezetfejleszt\u00e9s\" id=\"form-field-field_203645e-2\" name=\"form_fields[field_203645e][]\"> <label for=\"form-field-field_203645e-2\">Next Level Build \u2013 Szervezetfejleszt\u00e9s<\/label><\/span><\/div>\t\t\t\t<\/div>\n\t\t\t\t\t\t\t\t<div class=\"elementor-field-type-textarea elementor-field-group elementor-column elementor-field-group-field_b9dcf63 elementor-col-100\">\n\t\t\t\t\t\t\t\t\t\t\t\t<label for=\"form-field-field_b9dcf63\" class=\"elementor-field-label\">\n\t\t\t\t\t\t\t\t\u00dczenet\t\t\t\t\t\t\t<\/label>\n\t\t\t\t\t\t<textarea class=\"elementor-field-textual elementor-field  elementor-size-sm\" name=\"form_fields[field_b9dcf63]\" id=\"form-field-field_b9dcf63\" rows=\"4\" placeholder=\"\u00dczenet\"><\/textarea>\t\t\t\t<\/div>\n\t\t\t\t\t\t\t\t<div class=\"elementor-field-type-acceptance elementor-field-group elementor-column elementor-field-group-field_b073c3f elementor-col-100 elementor-field-required elementor-mark-required\">\n\t\t\t\t\t\t\t<div class=\"elementor-field-subgroup\">\n\t\t\t<span class=\"elementor-field-option\">\n\t\t\t\t<input type=\"checkbox\" name=\"form_fields[field_b073c3f]\" id=\"form-field-field_b073c3f\" class=\"elementor-field elementor-size-sm  elementor-acceptance-field\" required=\"required\">\n\t\t\t\t<label for=\"form-field-field_b073c3f\">Elolvastam \u00e9s elfogadom az <a href=\"https:\/\/www.nextlevelleadership.hu\/adatkezelesi-tajekoztato\/\"><span style=\"color:#005f5a; font-weight:600\";>Adatkezel\u00e9si t\u00e1j\u00e9koztat\u00f3t<\/span><\/a>.<\/label>\t\t\t<\/span>\n\t\t<\/div>\n\t\t\t\t\t\t<\/div>\n\t\t\t\t\t\t\t\t<div class=\"elementor-field-group elementor-column elementor-field-type-submit elementor-col-100 e-form__buttons\">\n\t\t\t\t\t<button class=\"elementor-button elementor-size-sm\" type=\"submit\">\n\t\t\t\t\t\t<span class=\"elementor-button-content-wrapper\">\n\t\t\t\t\t\t\t\t\t\t\t\t\t\t\t\t\t\t\t\t\t\t<span class=\"elementor-button-text\">K\u00fcld\u00e9s<\/span>\n\t\t\t\t\t\t\t\t\t\t\t\t\t<\/span>\n\t\t\t\t\t<\/button>\n\t\t\t\t<\/div>\n\t\t\t<\/div>\n\t\t<\/form>\n\t\t\t\t\t\t<\/div>\n\t\t\t\t<\/div>\n\t\t<div class=\"elementor-element elementor-element-3d8c79a e-con-full e-flex e-con e-child\" data-id=\"3d8c79a\" data-element_type=\"container\" data-e-type=\"container\">\n\t\t\t\t<div class=\"elementor-element elementor-element-7ccfd7b elementor-widget__width-initial elementor-widget elementor-widget-image\" data-id=\"7ccfd7b\" data-element_type=\"widget\" data-e-type=\"widget\" data-widget_type=\"image.default\">\n\t\t\t\t\t\t\t\t\t\t\t\t\t\t\t<img fetchpriority=\"high\" decoding=\"async\" width=\"667\" height=\"1000\" src=\"https:\/\/www.nextlevelleadership.hu\/wp-content\/uploads\/next-level-leadership-kapcsolat.jpg\" class=\"attachment-medium_large size-medium_large wp-image-1115\" alt=\"Next Level Leadership - Kapcsolatfelv\u00e9tel \u0171rlapon, e-mailben vagy telefonon\" srcset=\"https:\/\/www.nextlevelleadership.hu\/wp-content\/uploads\/next-level-leadership-kapcsolat.jpg 667w, https:\/\/www.nextlevelleadership.hu\/wp-content\/uploads\/next-level-leadership-kapcsolat-467x700.jpg 467w\" sizes=\"(max-width: 667px) 100vw, 667px\" \/>\t\t\t\t\t\t\t\t\t\t\t\t\t\t\t<\/div>\n\t\t\t\t<\/div>\n\t\t\t\t\t<\/div>\n\t\t\t\t<\/div>\n\t\t<div class=\"elementor-element elementor-element-71caebe e-flex e-con-boxed e-con e-parent\" data-id=\"71caebe\" data-element_type=\"container\" data-e-type=\"container\">\n\t\t\t\t\t<div class=\"e-con-inner\">\n\t\t<div class=\"elementor-element elementor-element-5d2e097 e-con-full e-flex e-con e-child\" data-id=\"5d2e097\" data-element_type=\"container\" data-e-type=\"container\">\n\t\t\t\t<div class=\"elementor-element elementor-element-c8c59ae elementor-widget__width-inherit elementor-widget elementor-widget-heading\" data-id=\"c8c59ae\" data-element_type=\"widget\" data-e-type=\"widget\" data-widget_type=\"heading.default\">\n\t\t\t\t\t<h3 class=\"elementor-heading-title elementor-size-default\">Tov\u00e1bbi el\u00e9rhet\u0151s\u00e9geim<\/h3>\t\t\t\t<\/div>\n\t\t\t\t<\/div>\n\t\t<div class=\"elementor-element elementor-element-4ca5382 e-con-full e-flex e-con e-child\" data-id=\"4ca5382\" data-element_type=\"container\" data-e-type=\"container\">\n\t\t<div class=\"elementor-element elementor-element-75e492f e-con-full e-flex e-con e-child\" data-id=\"75e492f\" data-element_type=\"container\" data-e-type=\"container\">\n\t\t\t\t<div class=\"elementor-element elementor-element-88e563d elementor-icon-list--layout-traditional elementor-list-item-link-full_width elementor-widget elementor-widget-icon-list\" data-id=\"88e563d\" data-element_type=\"widget\" data-e-type=\"widget\" data-widget_type=\"icon-list.default\">\n\t\t\t\t\t\t\t<ul class=\"elementor-icon-list-items\">\n\t\t\t\t\t\t\t<li class=\"elementor-icon-list-item\">\n\t\t\t\t\t\t\t\t\t\t\t<a href=\"mailto:orosz.eniko@nextlevelleadership.hu\">\n\n\t\t\t\t\t\t\t\t\t\t\t\t<span class=\"elementor-icon-list-icon\">\n\t\t\t\t\t\t\t<svg aria-hidden=\"true\" class=\"e-font-icon-svg e-fas-envelope\" viewBox=\"0 0 512 512\" xmlns=\"http:\/\/www.w3.org\/2000\/svg\"><path d=\"M502.3 190.8c3.9-3.1 9.7-.2 9.7 4.7V400c0 26.5-21.5 48-48 48H48c-26.5 0-48-21.5-48-48V195.6c0-5 5.7-7.8 9.7-4.7 22.4 17.4 52.1 39.5 154.1 113.6 21.1 15.4 56.7 47.8 92.2 47.6 35.7.3 72-32.8 92.3-47.6 102-74.1 131.6-96.3 154-113.7zM256 320c23.2.4 56.6-29.2 73.4-41.4 132.7-96.3 142.8-104.7 173.4-128.7 5.8-4.5 9.2-11.5 9.2-18.9v-19c0-26.5-21.5-48-48-48H48C21.5 64 0 85.5 0 112v19c0 7.4 3.4 14.3 9.2 18.9 30.6 23.9 40.7 32.4 173.4 128.7 16.8 12.2 50.2 41.8 73.4 41.4z\"><\/path><\/svg>\t\t\t\t\t\t<\/span>\n\t\t\t\t\t\t\t\t\t\t<span class=\"elementor-icon-list-text\">orosz.eniko@nextlevelleadership.hu<\/span>\n\t\t\t\t\t\t\t\t\t\t\t<\/a>\n\t\t\t\t\t\t\t\t\t<\/li>\n\t\t\t\t\t\t<\/ul>\n\t\t\t\t\t\t<\/div>\n\t\t\t\t<div class=\"elementor-element elementor-element-871446e elementor-icon-list--layout-traditional elementor-list-item-link-full_width elementor-widget elementor-widget-icon-list\" data-id=\"871446e\" data-element_type=\"widget\" data-e-type=\"widget\" data-widget_type=\"icon-list.default\">\n\t\t\t\t\t\t\t<ul class=\"elementor-icon-list-items\">\n\t\t\t\t\t\t\t<li class=\"elementor-icon-list-item\">\n\t\t\t\t\t\t\t\t\t\t\t<span class=\"elementor-icon-list-icon\">\n\t\t\t\t\t\t\t<svg aria-hidden=\"true\" class=\"e-font-icon-svg e-fas-phone-alt\" viewBox=\"0 0 512 512\" xmlns=\"http:\/\/www.w3.org\/2000\/svg\"><path d=\"M497.39 361.8l-112-48a24 24 0 0 0-28 6.9l-49.6 60.6A370.66 370.66 0 0 1 130.6 204.11l60.6-49.6a23.94 23.94 0 0 0 6.9-28l-48-112A24.16 24.16 0 0 0 122.6.61l-104 24A24 24 0 0 0 0 48c0 256.5 207.9 464 464 464a24 24 0 0 0 23.4-18.6l24-104a24.29 24.29 0 0 0-14.01-27.6z\"><\/path><\/svg>\t\t\t\t\t\t<\/span>\n\t\t\t\t\t\t\t\t\t\t<span class=\"elementor-icon-list-text\">+36 70 405 27 39<\/span>\n\t\t\t\t\t\t\t\t\t<\/li>\n\t\t\t\t\t\t<\/ul>\n\t\t\t\t\t\t<\/div>\n\t\t\t\t<div class=\"elementor-element elementor-element-ef150d5 elementor-icon-list--layout-traditional elementor-list-item-link-full_width elementor-widget elementor-widget-icon-list\" data-id=\"ef150d5\" data-element_type=\"widget\" data-e-type=\"widget\" data-widget_type=\"icon-list.default\">\n\t\t\t\t\t\t\t<ul class=\"elementor-icon-list-items\">\n\t\t\t\t\t\t\t<li class=\"elementor-icon-list-item\">\n\t\t\t\t\t\t\t\t\t\t\t<a href=\"https:\/\/www.linkedin.com\/in\/eniko-orosz\">\n\n\t\t\t\t\t\t\t\t\t\t\t\t<span class=\"elementor-icon-list-icon\">\n\t\t\t\t\t\t\t<svg aria-hidden=\"true\" class=\"e-font-icon-svg e-fab-linkedin-in\" viewBox=\"0 0 448 512\" xmlns=\"http:\/\/www.w3.org\/2000\/svg\"><path d=\"M100.28 448H7.4V148.9h92.88zM53.79 108.1C24.09 108.1 0 83.5 0 53.8a53.79 53.79 0 0 1 107.58 0c0 29.7-24.1 54.3-53.79 54.3zM447.9 448h-92.68V302.4c0-34.7-.7-79.2-48.29-79.2-48.29 0-55.69 37.7-55.69 76.7V448h-92.78V148.9h89.08v40.8h1.3c12.4-23.5 42.69-48.3 87.88-48.3 94 0 111.28 61.9 111.28 142.3V448z\"><\/path><\/svg>\t\t\t\t\t\t<\/span>\n\t\t\t\t\t\t\t\t\t\t<span class=\"elementor-icon-list-text\">www.linkedin.com\/in\/eniko-orosz<\/span>\n\t\t\t\t\t\t\t\t\t\t\t<\/a>\n\t\t\t\t\t\t\t\t\t<\/li>\n\t\t\t\t\t\t<\/ul>\n\t\t\t\t\t\t<\/div>\n\t\t\t\t<\/div>\n\t\t\t\t<\/div>\n\t\t\t\t\t<\/div>\n\t\t\t\t<\/div>\n\t\t\t\t<\/div>\n\t\t","protected":false},"excerpt":{"rendered":"<p>Kapcsolat Amennyiben szeretne k\u00f6z\u00f6sen \u00e1tgondolni egy aktu\u00e1lis vezet\u0151i vagy szervezeti helyzetet vagy k\u00e9rd\u00e9se mer\u00fclt fel, amelyre az oldalon nem kapott v\u00e1laszt, k\u00e9rem, t\u00f6ltse ki az al\u00e1bbi \u0171rlapot. A megkeres\u00e9sekre szem\u00e9lyesen v\u00e1laszolok 1\u20132 munkanapon bel\u00fcl. Tov\u00e1bbi el\u00e9rhet\u0151s\u00e9geim orosz.eniko@nextlevelleadership.hu +36 70 405 27 39 www.linkedin.com\/in\/eniko-orosz<\/p>","protected":false},"author":1,"featured_media":1115,"parent":0,"menu_order":0,"comment_status":"closed","ping_status":"closed","template":"","meta":{"footnotes":""},"class_list":["post-24","page","type-page","status-publish","has-post-thumbnail","hentry"],"yoast_head":"<!-- This site is optimized with the Yoast SEO plugin v27.4 - https:\/\/yoast.com\/product\/yoast-seo-wordpress\/ -->\n<title>Kapcsolat<\/title>\n<meta name=\"description\" content=\"Szeretne struktur\u00e1ltan v\u00e9giggondolni egy vezet\u0151i helyzetet? Vegye fel velem a kapcsolatot egy els\u0151 besz\u00e9lget\u00e9s\u00e9rt.\" \/>\n<meta name=\"robots\" content=\"index, follow, max-snippet:-1, max-image-preview:large, max-video-preview:-1\" \/>\n<link rel=\"canonical\" href=\"https:\/\/www.nextlevelleadership.hu\/en\/contact\/\" \/>\n<meta property=\"og:locale\" content=\"en_GB\" \/>\n<meta property=\"og:type\" content=\"article\" \/>\n<meta property=\"og:title\" content=\"Kapcsolat\" \/>\n<meta property=\"og:description\" content=\"Szeretne struktur\u00e1ltan v\u00e9giggondolni egy vezet\u0151i helyzetet? Vegye fel velem a kapcsolatot egy els\u0151 besz\u00e9lget\u00e9s\u00e9rt.\" \/>\n<meta property=\"og:url\" content=\"https:\/\/www.nextlevelleadership.hu\/en\/contact\/\" \/>\n<meta property=\"og:site_name\" content=\"Next Level Leadership\" \/>\n<meta property=\"article:modified_time\" content=\"2026-04-12T10:54:21+00:00\" \/>\n<meta property=\"og:image\" content=\"https:\/\/www.nextlevelleadership.hu\/wp-content\/uploads\/next-level-leadership-kapcsolat.jpg\" \/>\n\t<meta property=\"og:image:width\" content=\"667\" \/>\n\t<meta property=\"og:image:height\" content=\"1000\" \/>\n\t<meta property=\"og:image:type\" content=\"image\/jpeg\" \/>\n<meta name=\"twitter:card\" content=\"summary_large_image\" \/>\n<meta name=\"twitter:label1\" content=\"Estimated reading time\" \/>\n\t<meta name=\"twitter:data1\" content=\"1 minute\" \/>\n<script type=\"application\/ld+json\" class=\"yoast-schema-graph\">{\"@context\":\"https:\\\/\\\/schema.org\",\"@graph\":[{\"@type\":\"WebPage\",\"@id\":\"https:\\\/\\\/www.nextlevelleadership.hu\\\/kapcsolat\\\/\",\"url\":\"https:\\\/\\\/www.nextlevelleadership.hu\\\/kapcsolat\\\/\",\"name\":\"Kapcsolat\",\"isPartOf\":{\"@id\":\"https:\\\/\\\/www.nextlevelleadership.hu\\\/#website\"},\"primaryImageOfPage\":{\"@id\":\"https:\\\/\\\/www.nextlevelleadership.hu\\\/kapcsolat\\\/#primaryimage\"},\"image\":{\"@id\":\"https:\\\/\\\/www.nextlevelleadership.hu\\\/kapcsolat\\\/#primaryimage\"},\"thumbnailUrl\":\"https:\\\/\\\/www.nextlevelleadership.hu\\\/wp-content\\\/uploads\\\/next-level-leadership-kapcsolat.jpg\",\"datePublished\":\"2026-02-13T10:18:51+00:00\",\"dateModified\":\"2026-04-12T10:54:21+00:00\",\"description\":\"Szeretne struktur\u00e1ltan v\u00e9giggondolni egy vezet\u0151i helyzetet? Vegye fel velem a kapcsolatot egy els\u0151 besz\u00e9lget\u00e9s\u00e9rt.\",\"breadcrumb\":{\"@id\":\"https:\\\/\\\/www.nextlevelleadership.hu\\\/kapcsolat\\\/#breadcrumb\"},\"inLanguage\":\"en-GB\",\"potentialAction\":[{\"@type\":\"ReadAction\",\"target\":[\"https:\\\/\\\/www.nextlevelleadership.hu\\\/kapcsolat\\\/\"]}]},{\"@type\":\"ImageObject\",\"inLanguage\":\"en-GB\",\"@id\":\"https:\\\/\\\/www.nextlevelleadership.hu\\\/kapcsolat\\\/#primaryimage\",\"url\":\"https:\\\/\\\/www.nextlevelleadership.hu\\\/wp-content\\\/uploads\\\/next-level-leadership-kapcsolat.jpg\",\"contentUrl\":\"https:\\\/\\\/www.nextlevelleadership.hu\\\/wp-content\\\/uploads\\\/next-level-leadership-kapcsolat.jpg\",\"width\":667,\"height\":1000,\"caption\":\"Next Level Leadership - Kapcsolatfelv\u00e9tel \u0171rlapon, e-mailben vagy telefonon\"},{\"@type\":\"BreadcrumbList\",\"@id\":\"https:\\\/\\\/www.nextlevelleadership.hu\\\/kapcsolat\\\/#breadcrumb\",\"itemListElement\":[{\"@type\":\"ListItem\",\"position\":1,\"name\":\"Kezd\u0151lap\",\"item\":\"https:\\\/\\\/www.nextlevelleadership.hu\\\/\"},{\"@type\":\"ListItem\",\"position\":2,\"name\":\"Kapcsolat\"}]},{\"@type\":\"WebSite\",\"@id\":\"https:\\\/\\\/www.nextlevelleadership.hu\\\/#website\",\"url\":\"https:\\\/\\\/www.nextlevelleadership.hu\\\/\",\"name\":\"Next Level Leadership\",\"description\":\"Vezet\u0151i \u00e9s executive coaching \u00e9s szervezetfejleszt\u00e9s Budapesten \u00e9s online\",\"publisher\":{\"@id\":\"https:\\\/\\\/www.nextlevelleadership.hu\\\/#\\\/schema\\\/person\\\/775e1670253a9c6722cdb9fd1af56aa6\"},\"potentialAction\":[{\"@type\":\"SearchAction\",\"target\":{\"@type\":\"EntryPoint\",\"urlTemplate\":\"https:\\\/\\\/www.nextlevelleadership.hu\\\/?s={search_term_string}\"},\"query-input\":{\"@type\":\"PropertyValueSpecification\",\"valueRequired\":true,\"valueName\":\"search_term_string\"}}],\"inLanguage\":\"en-GB\"},{\"@type\":[\"Person\",\"Organization\"],\"@id\":\"https:\\\/\\\/www.nextlevelleadership.hu\\\/#\\\/schema\\\/person\\\/775e1670253a9c6722cdb9fd1af56aa6\",\"name\":\"Next Level Leadership\",\"image\":{\"@type\":\"ImageObject\",\"inLanguage\":\"en-GB\",\"@id\":\"https:\\\/\\\/www.nextlevelleadership.hu\\\/wp-content\\\/uploads\\\/next-level-leadership-logo.png\",\"url\":\"https:\\\/\\\/www.nextlevelleadership.hu\\\/wp-content\\\/uploads\\\/next-level-leadership-logo.png\",\"contentUrl\":\"https:\\\/\\\/www.nextlevelleadership.hu\\\/wp-content\\\/uploads\\\/next-level-leadership-logo.png\",\"width\":542,\"height\":101,\"caption\":\"Next Level Leadership\"},\"logo\":{\"@id\":\"https:\\\/\\\/www.nextlevelleadership.hu\\\/wp-content\\\/uploads\\\/next-level-leadership-logo.png\"},\"sameAs\":[\"https:\\\/\\\/www.nextlevelleadership.hu\"]}]}<\/script>\n<!-- \/ Yoast SEO plugin. -->","yoast_head_json":{"title":"Contact","description":"Would you like to reflect on a leadership situation in a structured way? Contact me for an initial conversation.","robots":{"index":"index","follow":"follow","max-snippet":"max-snippet:-1","max-image-preview":"max-image-preview:large","max-video-preview":"max-video-preview:-1"},"canonical":"https:\/\/www.nextlevelleadership.hu\/en\/contact\/","og_locale":"en_GB","og_type":"article","og_title":"Kapcsolat","og_description":"Szeretne struktur\u00e1ltan v\u00e9giggondolni egy vezet\u0151i helyzetet? Vegye fel velem a kapcsolatot egy els\u0151 besz\u00e9lget\u00e9s\u00e9rt.","og_url":"https:\/\/www.nextlevelleadership.hu\/en\/contact\/","og_site_name":"Next Level Leadership","article_modified_time":"2026-04-12T10:54:21+00:00","og_image":[{"width":667,"height":1000,"url":"https:\/\/www.nextlevelleadership.hu\/wp-content\/uploads\/next-level-leadership-kapcsolat.jpg","type":"image\/jpeg"}],"twitter_card":"summary_large_image","twitter_misc":{"Estimated reading time":"1 minute"},"schema":{"@context":"https:\/\/schema.org","@graph":[{"@type":"WebPage","@id":"https:\/\/www.nextlevelleadership.hu\/kapcsolat\/","url":"https:\/\/www.nextlevelleadership.hu\/kapcsolat\/","name":"Contact","isPartOf":{"@id":"https:\/\/www.nextlevelleadership.hu\/#website"},"primaryImageOfPage":{"@id":"https:\/\/www.nextlevelleadership.hu\/kapcsolat\/#primaryimage"},"image":{"@id":"https:\/\/www.nextlevelleadership.hu\/kapcsolat\/#primaryimage"},"thumbnailUrl":"https:\/\/www.nextlevelleadership.hu\/wp-content\/uploads\/next-level-leadership-kapcsolat.jpg","datePublished":"2026-02-13T10:18:51+00:00","dateModified":"2026-04-12T10:54:21+00:00","description":"Would you like to reflect on a leadership situation in a structured way? Contact me for an initial conversation.","breadcrumb":{"@id":"https:\/\/www.nextlevelleadership.hu\/kapcsolat\/#breadcrumb"},"inLanguage":"en-GB","potentialAction":[{"@type":"ReadAction","target":["https:\/\/www.nextlevelleadership.hu\/kapcsolat\/"]}]},{"@type":"ImageObject","inLanguage":"en-GB","@id":"https:\/\/www.nextlevelleadership.hu\/kapcsolat\/#primaryimage","url":"https:\/\/www.nextlevelleadership.hu\/wp-content\/uploads\/next-level-leadership-kapcsolat.jpg","contentUrl":"https:\/\/www.nextlevelleadership.hu\/wp-content\/uploads\/next-level-leadership-kapcsolat.jpg","width":667,"height":1000,"caption":"Next Level Leadership - Kapcsolatfelv\u00e9tel \u0171rlapon, e-mailben vagy telefonon"},{"@type":"BreadcrumbList","@id":"https:\/\/www.nextlevelleadership.hu\/kapcsolat\/#breadcrumb","itemListElement":[{"@type":"ListItem","position":1,"name":"Kezd\u0151lap","item":"https:\/\/www.nextlevelleadership.hu\/"},{"@type":"ListItem","position":2,"name":"Kapcsolat"}]},{"@type":"WebSite","@id":"https:\/\/www.nextlevelleadership.hu\/#website","url":"https:\/\/www.nextlevelleadership.hu\/","name":"Next Level Leadership","description":"Leadership and executive coaching and organisational development in Budapest and online","publisher":{"@id":"https:\/\/www.nextlevelleadership.hu\/#\/schema\/person\/775e1670253a9c6722cdb9fd1af56aa6"},"potentialAction":[{"@type":"SearchAction","target":{"@type":"EntryPoint","urlTemplate":"https:\/\/www.nextlevelleadership.hu\/?s={search_term_string}"},"query-input":{"@type":"PropertyValueSpecification","valueRequired":true,"valueName":"search_term_string"}}],"inLanguage":"en-GB"},{"@type":["Person","Organization"],"@id":"https:\/\/www.nextlevelleadership.hu\/#\/schema\/person\/775e1670253a9c6722cdb9fd1af56aa6","name":"Next Level Leadership","image":{"@type":"ImageObject","inLanguage":"en-GB","@id":"https:\/\/www.nextlevelleadership.hu\/wp-content\/uploads\/next-level-leadership-logo.png","url":"https:\/\/www.nextlevelleadership.hu\/wp-content\/uploads\/next-level-leadership-logo.png","contentUrl":"https:\/\/www.nextlevelleadership.hu\/wp-content\/uploads\/next-level-leadership-logo.png","width":542,"height":101,"caption":"Next Level Leadership"},"logo":{"@id":"https:\/\/www.nextlevelleadership.hu\/wp-content\/uploads\/next-level-leadership-logo.png"},"sameAs":["https:\/\/www.nextlevelleadership.hu"]}]}},"_links":{"self":[{"href":"https:\/\/www.nextlevelleadership.hu\/en\/wp-json\/wp\/v2\/pages\/24","targetHints":{"allow":["GET"]}}],"collection":[{"href":"https:\/\/www.nextlevelleadership.hu\/en\/wp-json\/wp\/v2\/pages"}],"about":[{"href":"https:\/\/www.nextlevelleadership.hu\/en\/wp-json\/wp\/v2\/types\/page"}],"author":[{"embeddable":true,"href":"https:\/\/www.nextlevelleadership.hu\/en\/wp-json\/wp\/v2\/users\/1"}],"replies":[{"embeddable":true,"href":"https:\/\/www.nextlevelleadership.hu\/en\/wp-json\/wp\/v2\/comments?post=24"}],"version-history":[{"count":82,"href":"https:\/\/www.nextlevelleadership.hu\/en\/wp-json\/wp\/v2\/pages\/24\/revisions"}],"predecessor-version":[{"id":1312,"href":"https:\/\/www.nextlevelleadership.hu\/en\/wp-json\/wp\/v2\/pages\/24\/revisions\/1312"}],"wp:featuredmedia":[{"embeddable":true,"href":"https:\/\/www.nextlevelleadership.hu\/en\/wp-json\/wp\/v2\/media\/1115"}],"wp:attachment":[{"href":"https:\/\/www.nextlevelleadership.hu\/en\/wp-json\/wp\/v2\/media?parent=24"}],"curies":[{"name":"wp","href":"https:\/\/api.w.org\/{rel}","templated":true}]}}