{"id":392,"date":"2026-02-26T09:35:11","date_gmt":"2026-02-26T08:35:11","guid":{"rendered":"https:\/\/www.nextlevelleadership.hu\/?page_id=392"},"modified":"2026-03-12T12:14:07","modified_gmt":"2026-03-12T11:14:07","slug":"privacy-notice","status":"publish","type":"page","link":"https:\/\/www.nextlevelleadership.hu\/en\/adatkezelesi-tajekoztato\/","title":{"rendered":"Privacy notice"},"content":{"rendered":"<div data-elementor-type=\"wp-page\" data-elementor-id=\"392\" class=\"elementor elementor-392\" data-elementor-post-type=\"page\">\n\t\t\t\t<div class=\"elementor-element elementor-element-51520cb e-flex e-con-boxed e-con e-parent\" data-id=\"51520cb\" data-element_type=\"container\" data-e-type=\"container\">\n\t\t\t\t\t<div class=\"e-con-inner\">\n\t\t<div class=\"elementor-element elementor-element-5c0071a e-con-full e-flex e-con e-child\" data-id=\"5c0071a\" data-element_type=\"container\" data-e-type=\"container\">\n\t\t\t\t<div class=\"elementor-element elementor-element-de52e4e elementor-widget elementor-widget-heading\" data-id=\"de52e4e\" data-element_type=\"widget\" data-e-type=\"widget\" data-widget_type=\"heading.default\">\n\t\t\t\t\t<h1 class=\"elementor-heading-title elementor-size-default\">Privacy notice<\/h1>\t\t\t\t<\/div>\n\t\t\t\t<\/div>\n\t\t\t\t<div class=\"elementor-element elementor-element-ee8942e elementor-widget__width-initial elementor-widget elementor-widget-text-editor\" data-id=\"ee8942e\" data-element_type=\"widget\" data-e-type=\"widget\" data-widget_type=\"text-editor.default\">\n\t\t\t\t\t\t\t\t\t<p class=\"translation-block\"><strong>Next Level Leadership<\/strong> is committed to protecting your personal data. The purpose of this privacy notice is to inform you about how data is handled on this website.<\/p><p>\u00a0<\/p><p><strong>Data Controller<\/strong><\/p><p>\u00a0<\/p><p><strong>Name<\/strong>: Medny\u00e1nszkyn\u00e9 Orosz Enik\u0151<\/p><p class=\"translation-block\"><strong>Registered address<\/strong>:\u00a01025 Budapest Pitypang utca 6.<\/p><p class=\"translation-block\"><strong>E-mail address<\/strong>: <a href=\"mailto:orosz.eniko@nextlevelleadership.hu\" target=\"_self\">orosz.eniko@nextlevelleadership.hu<\/a><\/p><p><strong>Phone number<\/strong>: +36 70 405 27 39<\/p><p>\u00a0<\/p><p><strong>Scope of Data Processing<\/strong><\/p><p>\u00a0<\/p><p>When you fill in the enquiry form on the website, the following data is collected:<\/p><p>\u00a0<\/p><ul><li>name<\/li><li>e-mail address<\/li><li>any other information you provide in the form<\/li><\/ul><p>\u00a0<\/p><p>This website does not use cookies, analytics, advertising services or social media integrations. Your data will not be shared with third parties.<\/p><p>\u00a0<\/p><p><strong>Purpose and Legal Basis of Data Processing<\/strong><\/p><p>\u00a0<\/p><p class=\"translation-block\">The data you provide will only be used <strong>to respond to your enquiry and to contact you<\/strong>.<\/p><p>\u00a0<\/p><p><strong>Legal basis:<\/strong> your voluntary consent (Article 6(1)(a) of the GDPR).<\/p><p>\u00a0<\/p><p><strong>Data Retention<\/strong><\/p><p>\u00a0<\/p><p>The data submitted through the form will be retained until the communication related to your enquiry has been completed or until you withdraw your consent.<\/p><p>\u00a0<\/p><p><strong>Your Rights<\/strong><\/p><p>\u00a0<\/p><p>During the entire period of data processing, you have the following rights:<\/p><p>\u00a0<\/p><p>the right of access to your personal data, the right to rectification, the right to erasure, the right to restriction of processing, the right to object to the processing of personal data, the right to data portability<\/p><p>\u00a0<\/p><p class=\"translation-block\">You may send any comments or complaints regarding the processing of your personal data to the following e-mail address: <a href=\"mailto:orosz.eniko@nextlevelleadership.hu\" target=\"_self\">orosz.eniko@nextlevelleadership.hu<\/a><\/p><p>\u00a0<\/p><p>If you have complaints or questions regarding the processing of your personal data, you may also contact the Hungarian National Authority for Data Protection and Freedom of Information:<a href=\"http:\/\/www.naih.hu\/ugyfelszolgalat-kapcsolat\">https:\/\/www.naih.hu\/ugyfelszolgalat-kapcsolat<\/a>).<\/p><p>\u00a0<\/p><p>Last updated: 28 February 2026<\/p>\t\t\t\t\t\t\t\t<\/div>\n\t\t\t\t\t<\/div>\n\t\t\t\t<\/div>\n\t\t\t\t<\/div>","protected":false},"excerpt":{"rendered":"<p>Adatkezel\u00e9si t\u00e1j\u00e9koztat\u00f3 A Next Level Leadership elk\u00f6telezett az \u00d6n szem\u00e9lyes adatainak v\u00e9delme mellett. Jelen adatv\u00e9delmi nyilatkozat c\u00e9lja, hogy t\u00e1j\u00e9koztassa \u00d6nt az oldalon t\u00f6rt\u00e9n\u0151 adatkezel\u00e9sr\u0151l. \u00a0 Adatkezel\u0151 adatai \u00a0 N\u00e9v: Medny\u00e1nszkyn\u00e9 Orosz Enik\u0151 Sz\u00e9khely:\u00a01025 Budapest Pitypang utca 6. E-mail-c\u00edm: orosz.eniko@nextlevelleadership.hu Telefonsz\u00e1m: +36 70 405 27 39 \u00a0 Az adatkezel\u00e9s t\u00e1rgya \u00a0 Az oldalon tal\u00e1lhat\u00f3 \u00e9rdekl\u0151d\u0151 \u0171rlap [&hellip;]<\/p>\n","protected":false},"author":1,"featured_media":0,"parent":0,"menu_order":0,"comment_status":"closed","ping_status":"closed","template":"","meta":{"footnotes":""},"class_list":["post-392","page","type-page","status-publish","hentry"],"yoast_head":"<!-- This site is optimized with the Yoast SEO plugin v27.4 - https:\/\/yoast.com\/product\/yoast-seo-wordpress\/ -->\n<title>Adatkezel\u00e9si t\u00e1j\u00e9koztat\u00f3<\/title>\n<meta name=\"description\" content=\"Az adatkezel\u00e9si t\u00e1j\u00e9koztat\u00f3 ismerteti, hogyan kezelj\u00fck a weboldalon megadott szem\u00e9lyes adatokat, \u00e9s milyen jogok illetik meg \u00d6nt.\" \/>\n<meta name=\"robots\" content=\"index, follow, max-snippet:-1, max-image-preview:large, max-video-preview:-1\" \/>\n<link rel=\"canonical\" href=\"https:\/\/www.nextlevelleadership.hu\/en\/privacy-notice\/\" \/>\n<meta property=\"og:locale\" content=\"en_GB\" \/>\n<meta property=\"og:type\" content=\"article\" \/>\n<meta property=\"og:title\" content=\"Adatkezel\u00e9si t\u00e1j\u00e9koztat\u00f3\" \/>\n<meta property=\"og:description\" content=\"Az adatkezel\u00e9si t\u00e1j\u00e9koztat\u00f3 ismerteti, hogyan kezelj\u00fck a weboldalon megadott szem\u00e9lyes adatokat, \u00e9s milyen jogok illetik meg \u00d6nt.\" \/>\n<meta property=\"og:url\" content=\"https:\/\/www.nextlevelleadership.hu\/en\/privacy-notice\/\" \/>\n<meta property=\"og:site_name\" content=\"Next Level Leadership\" \/>\n<meta property=\"article:modified_time\" content=\"2026-03-12T11:14:07+00:00\" \/>\n<meta name=\"twitter:card\" content=\"summary_large_image\" \/>\n<meta name=\"twitter:label1\" content=\"Estimated reading time\" \/>\n\t<meta name=\"twitter:data1\" content=\"2 minutes\" \/>\n<script type=\"application\/ld+json\" class=\"yoast-schema-graph\">{\"@context\":\"https:\\\/\\\/schema.org\",\"@graph\":[{\"@type\":\"WebPage\",\"@id\":\"https:\\\/\\\/www.nextlevelleadership.hu\\\/adatkezelesi-tajekoztato\\\/\",\"url\":\"https:\\\/\\\/www.nextlevelleadership.hu\\\/adatkezelesi-tajekoztato\\\/\",\"name\":\"Adatkezel\u00e9si t\u00e1j\u00e9koztat\u00f3\",\"isPartOf\":{\"@id\":\"https:\\\/\\\/www.nextlevelleadership.hu\\\/#website\"},\"datePublished\":\"2026-02-26T08:35:11+00:00\",\"dateModified\":\"2026-03-12T11:14:07+00:00\",\"description\":\"Az adatkezel\u00e9si t\u00e1j\u00e9koztat\u00f3 ismerteti, hogyan kezelj\u00fck a weboldalon megadott szem\u00e9lyes adatokat, \u00e9s milyen jogok illetik meg \u00d6nt.\",\"breadcrumb\":{\"@id\":\"https:\\\/\\\/www.nextlevelleadership.hu\\\/adatkezelesi-tajekoztato\\\/#breadcrumb\"},\"inLanguage\":\"en-GB\",\"potentialAction\":[{\"@type\":\"ReadAction\",\"target\":[\"https:\\\/\\\/www.nextlevelleadership.hu\\\/adatkezelesi-tajekoztato\\\/\"]}]},{\"@type\":\"BreadcrumbList\",\"@id\":\"https:\\\/\\\/www.nextlevelleadership.hu\\\/adatkezelesi-tajekoztato\\\/#breadcrumb\",\"itemListElement\":[{\"@type\":\"ListItem\",\"position\":1,\"name\":\"Kezd\u0151lap\",\"item\":\"https:\\\/\\\/www.nextlevelleadership.hu\\\/\"},{\"@type\":\"ListItem\",\"position\":2,\"name\":\"Adatkezel\u00e9si t\u00e1j\u00e9koztat\u00f3\"}]},{\"@type\":\"WebSite\",\"@id\":\"https:\\\/\\\/www.nextlevelleadership.hu\\\/#website\",\"url\":\"https:\\\/\\\/www.nextlevelleadership.hu\\\/\",\"name\":\"Next Level Leadership\",\"description\":\"Vezet\u0151i \u00e9s executive coaching \u00e9s szervezetfejleszt\u00e9s Budapesten \u00e9s online\",\"publisher\":{\"@id\":\"https:\\\/\\\/www.nextlevelleadership.hu\\\/#\\\/schema\\\/person\\\/775e1670253a9c6722cdb9fd1af56aa6\"},\"potentialAction\":[{\"@type\":\"SearchAction\",\"target\":{\"@type\":\"EntryPoint\",\"urlTemplate\":\"https:\\\/\\\/www.nextlevelleadership.hu\\\/?s={search_term_string}\"},\"query-input\":{\"@type\":\"PropertyValueSpecification\",\"valueRequired\":true,\"valueName\":\"search_term_string\"}}],\"inLanguage\":\"en-GB\"},{\"@type\":[\"Person\",\"Organization\"],\"@id\":\"https:\\\/\\\/www.nextlevelleadership.hu\\\/#\\\/schema\\\/person\\\/775e1670253a9c6722cdb9fd1af56aa6\",\"name\":\"Next Level Leadership\",\"image\":{\"@type\":\"ImageObject\",\"inLanguage\":\"en-GB\",\"@id\":\"https:\\\/\\\/www.nextlevelleadership.hu\\\/wp-content\\\/uploads\\\/next-level-leadership-logo.png\",\"url\":\"https:\\\/\\\/www.nextlevelleadership.hu\\\/wp-content\\\/uploads\\\/next-level-leadership-logo.png\",\"contentUrl\":\"https:\\\/\\\/www.nextlevelleadership.hu\\\/wp-content\\\/uploads\\\/next-level-leadership-logo.png\",\"width\":542,\"height\":101,\"caption\":\"Next Level Leadership\"},\"logo\":{\"@id\":\"https:\\\/\\\/www.nextlevelleadership.hu\\\/wp-content\\\/uploads\\\/next-level-leadership-logo.png\"},\"sameAs\":[\"https:\\\/\\\/www.nextlevelleadership.hu\"]}]}<\/script>\n<!-- \/ Yoast SEO plugin. -->","yoast_head_json":{"title":"Privacy notice","description":"The privacy notice explains how we handle personal data provided on the website and what rights you have.","robots":{"index":"index","follow":"follow","max-snippet":"max-snippet:-1","max-image-preview":"max-image-preview:large","max-video-preview":"max-video-preview:-1"},"canonical":"https:\/\/www.nextlevelleadership.hu\/en\/privacy-notice\/","og_locale":"en_GB","og_type":"article","og_title":"Adatkezel\u00e9si t\u00e1j\u00e9koztat\u00f3","og_description":"Az adatkezel\u00e9si t\u00e1j\u00e9koztat\u00f3 ismerteti, hogyan kezelj\u00fck a weboldalon megadott szem\u00e9lyes adatokat, \u00e9s milyen jogok illetik meg \u00d6nt.","og_url":"https:\/\/www.nextlevelleadership.hu\/en\/privacy-notice\/","og_site_name":"Next Level Leadership","article_modified_time":"2026-03-12T11:14:07+00:00","twitter_card":"summary_large_image","twitter_misc":{"Estimated reading time":"2 minutes"},"schema":{"@context":"https:\/\/schema.org","@graph":[{"@type":"WebPage","@id":"https:\/\/www.nextlevelleadership.hu\/adatkezelesi-tajekoztato\/","url":"https:\/\/www.nextlevelleadership.hu\/adatkezelesi-tajekoztato\/","name":"Privacy notice","isPartOf":{"@id":"https:\/\/www.nextlevelleadership.hu\/#website"},"datePublished":"2026-02-26T08:35:11+00:00","dateModified":"2026-03-12T11:14:07+00:00","description":"The privacy notice explains how we handle personal data provided on the website and what rights you have.","breadcrumb":{"@id":"https:\/\/www.nextlevelleadership.hu\/adatkezelesi-tajekoztato\/#breadcrumb"},"inLanguage":"en-GB","potentialAction":[{"@type":"ReadAction","target":["https:\/\/www.nextlevelleadership.hu\/adatkezelesi-tajekoztato\/"]}]},{"@type":"BreadcrumbList","@id":"https:\/\/www.nextlevelleadership.hu\/adatkezelesi-tajekoztato\/#breadcrumb","itemListElement":[{"@type":"ListItem","position":1,"name":"Kezd\u0151lap","item":"https:\/\/www.nextlevelleadership.hu\/"},{"@type":"ListItem","position":2,"name":"Adatkezel\u00e9si t\u00e1j\u00e9koztat\u00f3"}]},{"@type":"WebSite","@id":"https:\/\/www.nextlevelleadership.hu\/#website","url":"https:\/\/www.nextlevelleadership.hu\/","name":"Next Level Leadership","description":"Leadership and executive coaching and organisational development in Budapest and online","publisher":{"@id":"https:\/\/www.nextlevelleadership.hu\/#\/schema\/person\/775e1670253a9c6722cdb9fd1af56aa6"},"potentialAction":[{"@type":"SearchAction","target":{"@type":"EntryPoint","urlTemplate":"https:\/\/www.nextlevelleadership.hu\/?s={search_term_string}"},"query-input":{"@type":"PropertyValueSpecification","valueRequired":true,"valueName":"search_term_string"}}],"inLanguage":"en-GB"},{"@type":["Person","Organization"],"@id":"https:\/\/www.nextlevelleadership.hu\/#\/schema\/person\/775e1670253a9c6722cdb9fd1af56aa6","name":"Next Level Leadership","image":{"@type":"ImageObject","inLanguage":"en-GB","@id":"https:\/\/www.nextlevelleadership.hu\/wp-content\/uploads\/next-level-leadership-logo.png","url":"https:\/\/www.nextlevelleadership.hu\/wp-content\/uploads\/next-level-leadership-logo.png","contentUrl":"https:\/\/www.nextlevelleadership.hu\/wp-content\/uploads\/next-level-leadership-logo.png","width":542,"height":101,"caption":"Next Level Leadership"},"logo":{"@id":"https:\/\/www.nextlevelleadership.hu\/wp-content\/uploads\/next-level-leadership-logo.png"},"sameAs":["https:\/\/www.nextlevelleadership.hu"]}]}},"_links":{"self":[{"href":"https:\/\/www.nextlevelleadership.hu\/en\/wp-json\/wp\/v2\/pages\/392","targetHints":{"allow":["GET"]}}],"collection":[{"href":"https:\/\/www.nextlevelleadership.hu\/en\/wp-json\/wp\/v2\/pages"}],"about":[{"href":"https:\/\/www.nextlevelleadership.hu\/en\/wp-json\/wp\/v2\/types\/page"}],"author":[{"embeddable":true,"href":"https:\/\/www.nextlevelleadership.hu\/en\/wp-json\/wp\/v2\/users\/1"}],"replies":[{"embeddable":true,"href":"https:\/\/www.nextlevelleadership.hu\/en\/wp-json\/wp\/v2\/comments?post=392"}],"version-history":[{"count":41,"href":"https:\/\/www.nextlevelleadership.hu\/en\/wp-json\/wp\/v2\/pages\/392\/revisions"}],"predecessor-version":[{"id":1151,"href":"https:\/\/www.nextlevelleadership.hu\/en\/wp-json\/wp\/v2\/pages\/392\/revisions\/1151"}],"wp:attachment":[{"href":"https:\/\/www.nextlevelleadership.hu\/en\/wp-json\/wp\/v2\/media?parent=392"}],"curies":[{"name":"wp","href":"https:\/\/api.w.org\/{rel}","templated":true}]}}